{"id":10439,"date":"2025-11-07T16:35:55","date_gmt":"2025-11-07T16:35:55","guid":{"rendered":"https:\/\/cidehus.uevora.pt\/the-center\/regras-e-normas-de-informacao-e-publicitacao\/"},"modified":"2025-11-10T11:28:50","modified_gmt":"2025-11-10T11:28:50","slug":"fct-rules-and-regulations","status":"publish","type":"page","link":"https:\/\/cidehus.uevora.pt\/en\/the-center\/fct-rules-and-regulations\/","title":{"rendered":"FCT rules and regulations"},"content":{"rendered":"<!--themify_builder_content-->\n<div id=\"themify_builder_content-10439\" data-postid=\"10439\" class=\"themify_builder_content themify_builder_content-10439 themify_builder tf_clear\">\n    \t\t\t\t<div  data-lazy=\"1\" class=\"module_row themify_builder_row wraptoppage tb_sfjz742 tb_first tf_w\">\n\t\t\t<span class=\"builder_row_cover tf_abs\"><\/span>\t\t\t<div class=\"row_inner col_align_top tb_col_count_1 tf_box tf_rel\">\n\t\t\t\t\t\t<div  data-lazy=\"1\" class=\"module_column tb-column col-full tb_bsbr743 first\">\n\t\t\t\t\t<!-- module text -->\n<div  class=\"module module-text tb_sifh595   \" data-lazy=\"1\">\n\t    <div  class=\"tb_text_wrap\">\n\t\t<h1>The Center<\/h1>    <\/div>\n<\/div>\n<!-- \/module text --><!-- module plain text -->\n<div  class=\"module module-plain-text tb_2ije316 \" data-lazy=\"1\">\n        <div class=\"tb_text_wrap\">\n\t<div class=\"module module-breadcrumbs tb_khjq170\">\n<nav role=\"navigation\" aria-label=\"Breadcrumbs\" class=\"tbp_breadcrumb_trail\"><ul class=\"tbp_trail_items\" itemscope=\"\" itemtype=\"http:\/\/schema.org\/BreadcrumbList\"><meta name=\"numberOfItems\" content=\"3\"><meta name=\"itemListOrder\" content=\"Ascending\"><li itemprop=\"itemListElement\" itemscope=\"\" itemtype=\"https:\/\/schema.org\/ListItem\" class=\"tbp_trail_item tbp_trail_begin\"><a itemprop=\"item\" href=\"https:\/\/cidehus.uevora.pt\/\" rel=\"home\"><span itemprop=\"name\">Home<\/span><\/a><meta itemprop=\"position\" content=\"1\"><\/li><li itemprop=\"itemListElement\" itemscope=\"\" itemtype=\"https:\/\/schema.org\/ListItem\" class=\"tbp_trail_item\"><span class=\"tbp_breadcrumb_sep\">\/<\/span><a itemprop=\"item\" href=\"https:\/\/cidehus.uevora.pt\/o-centro\/visao-missao-e-objetivos\/\"><span itemprop=\"name\">The Center<\/span><\/a><meta itemprop=\"position\" content=\"2\"><\/li><li itemprop=\"itemListElement\" itemscope=\"\" itemtype=\"https:\/\/schema.org\/ListItem\" class=\"tbp_trail_item tbp_trail_end\"><span class=\"tbp_breadcrumb_sep\">\/<\/span><span itemprop=\"name\">FCT rules and regulations<\/span><meta itemprop=\"position\" content=\"3\"><\/li><\/ul><\/nav><\/div>    <\/div>\n<\/div>\n<!-- \/module plain text -->\t\t<\/div>\n\t\t\t\t\t\t<\/div>\n\t\t<\/div>\n\t\t\t\t\t\t<div  data-lazy=\"1\" class=\"module_row themify_builder_row wrapispagegenstyle tb_z98u319 tf_w\">\n\t\t\t\t\t\t<div class=\"row_inner col_align_top tb_col_count_2 tf_box tf_rel\">\n\t\t\t\t\t\t<div  data-lazy=\"1\" class=\"module_column tb-column col4-2 tb_6oee319 first\">\n\t\t\t\t\t<!-- module text -->\n<div  class=\"module module-text tb_y448422 ispagegenstyle isdownload  \" data-lazy=\"1\">\n\t    <div  class=\"tb_text_wrap\">\n\t\t<h2>Rules and regulations for information and dissemination<\/h2><p>Rules and regulations for information and dissemination of projects funded by FCT:<\/p><p>&#8211; In the case of graphic or multimedia material, this must include, in addition to the + DOI code, the logos: CIDEHUS \/ Univ. of \u00c9vora or UAL (as applicable, possibly both), the FCT logo, and the symbol of the Portuguese Republic;<\/p><p>&#8211; For articles and other bibliographic outputs, include the project reference, as in the example below, in Portuguese or English, depending on the context;<\/p><p>&#8211; When depositing publications in the Repository, the code, funding phrase, and DOI must be included in the sponsorship field.<\/p><hr \/><p><strong>PT<\/strong><br \/>Este trabalho foi financiado por fundos nacionais atrav\u00e9s da Funda\u00e7\u00e3o para a Ci\u00eancia e a Tecnologia, no \u00e2mbito do projeto UID\/00057\/2025 &#8211; <a href=\"https:\/\/doi.org\/10.54499\/UID\/00057\/2025\" target=\"_blank\" rel=\"noopener\">https:\/\/doi.org\/10.54499\/UID\/00057\/2025<\/a><\/p><p><strong>EN<\/strong><br \/>This work is funded by the Foundation for Science and Technology (Portugal), under the project UID\/00057\/2025 &#8211; <a href=\"https:\/\/doi.org\/10.54499\/UID\/00057\/2025\" target=\"_blank\" rel=\"noopener\">https:\/\/doi.org\/10.54499\/UID\/00057\/2025<\/a><\/p><p><img loading=\"lazy\" decoding=\"async\" class=\"alignleft wp-image-10423 size-large\" src=\"https:\/\/cidehus.uevora.pt\/wp-content\/uploads\/2025\/11\/barra-logos_hor-1-1024x96.png\" alt=\"\" width=\"1024\" height=\"96\" srcset=\"https:\/\/cidehus.uevora.pt\/wp-content\/uploads\/2025\/11\/barra-logos_hor-1-1024x96.png 1024w, https:\/\/cidehus.uevora.pt\/wp-content\/uploads\/2025\/11\/barra-logos_hor-1-300x28.png 300w, https:\/\/cidehus.uevora.pt\/wp-content\/uploads\/2025\/11\/barra-logos_hor-1-768x72.png 768w, https:\/\/cidehus.uevora.pt\/wp-content\/uploads\/2025\/11\/barra-logos_hor-1-1536x144.png 1536w, https:\/\/cidehus.uevora.pt\/wp-content\/uploads\/2025\/11\/barra-logos_hor-1.png 1674w\" sizes=\"auto, (max-width: 1024px) 100vw, 1024px\" \/><\/p><hr \/><p>Be sure to save the links where the works are published, so that they can be verified.<\/p>    <\/div>\n<\/div>\n<!-- \/module text -->\t\t<\/div>\n\t\t\t\t\t<div  data-lazy=\"1\" class=\"module_column tb-column col4-2 tb_bb7d926 ispageside last\">\n\t\t\t\t\t<!-- module widgetized -->\n<div  class=\"module module-widgetized tb_0v19517  \" data-lazy=\"1\">\n    <div id=\"wpb_wmca_accordion_widget-5\" class=\"widget widget_wpb_wmca_accordion_widget\"><h4 class=\"widgettitle\">The Center<\/h4>\t\t\t<div class=\"wpb_category_n_menu_accordion wpb_accordion_free_version wpb_wmca_accordion_wrapper_theme_transparent wpb_wmca_keyboard_accessibility_no wpb_the_menu_accordion\" data-shortcode_id=\"2163\" data-accordion=\"false\" data-indicator_icon=\"+\">\n\t\t\t\t\t\t\t\t<ul id=\"menu-centromenuen\" class=\"wpb_category_n_menu_accordion_list\"><li id=\"menu-item-4224\" class=\"menu-item menu-item-type-post_type menu-item-object-page menu-item-4224\"><a href=\"https:\/\/cidehus.uevora.pt\/en\/the-center\/vision-mission-and-objectives\/\">Vision, Mission and Objectives<\/a><\/li>\n<li id=\"menu-item-5337\" class=\"menu-item menu-item-type-custom menu-item-object-custom menu-item-has-children menu-item-5337\"><a href=\"https:\/\/cidehus.uevora.pt\/en\/the-center\/structure\/directive-council-cidehus-ual-ciac\/\">Structure<\/a>\n<ul class=\"sub-menu\">\n\t<li id=\"menu-item-4226\" class=\"menu-item menu-item-type-post_type menu-item-object-page menu-item-4226\"><a href=\"https:\/\/cidehus.uevora.pt\/en\/the-center\/structure\/directive-council-cidehus-ual-ciac\/\">Structure | Board of Directors | CIDEHUS.UAL | CIAC<\/a><\/li>\n\t<li id=\"menu-item-4227\" class=\"menu-item menu-item-type-post_type menu-item-object-page menu-item-4227\"><a href=\"https:\/\/cidehus.uevora.pt\/en\/the-center\/structure\/organigram\/\">Organigram<\/a><\/li>\n<\/ul>\n<\/li>\n<li id=\"menu-item-5340\" class=\"menu-item menu-item-type-custom menu-item-object-custom menu-item-has-children menu-item-5340\"><a href=\"https:\/\/cidehus.uevora.pt\/en\/the-center\/team\/members\/\">Team<\/a>\n<ul class=\"sub-menu\">\n\t<li id=\"menu-item-4229\" class=\"menu-item menu-item-type-post_type menu-item-object-page menu-item-4229\"><a href=\"https:\/\/cidehus.uevora.pt\/en\/the-center\/people\/members\/\">Members<\/a><\/li>\n\t<li id=\"menu-item-4230\" class=\"menu-item menu-item-type-post_type menu-item-object-page menu-item-4230\"><a href=\"https:\/\/cidehus.uevora.pt\/en\/the-center\/people\/visiting-researchers\/\">Visiting Researchers<\/a><\/li>\n<\/ul>\n<\/li>\n<li id=\"menu-item-4231\" class=\"menu-item menu-item-type-post_type menu-item-object-page menu-item-4231\"><a href=\"https:\/\/cidehus.uevora.pt\/en\/the-center\/statutes-and-regulations\/\">Statutes and Regulations<\/a><\/li>\n<li id=\"menu-item-7456\" class=\"menu-item menu-item-type-post_type menu-item-object-page menu-item-7456\"><a href=\"https:\/\/cidehus.uevora.pt\/en\/the-center\/code-of-ethics\/\">Code of Ethics<\/a><\/li>\n<li id=\"menu-item-4232\" class=\"menu-item menu-item-type-post_type menu-item-object-page menu-item-4232\"><a href=\"https:\/\/cidehus.uevora.pt\/en\/the-center\/graphic-identity\/\">Graphic Identity<\/a><\/li>\n<\/ul>\t\t\t\t\t\t\t<\/div>\n\t\t<\/div><\/div>\n<!-- \/module widgetized -->\t\t<\/div>\n\t\t\t\t\t\t<\/div>\n\t\t<\/div>\n\t\t<\/div>\n<!--\/themify_builder_content-->","protected":false},"excerpt":{"rendered":"<p>The Center Home \/The Center \/FCT rules and regulations Rules and regulations for information and dissemination Rules and regulations for information and dissemination of projects funded by FCT: &#8211; In [&hellip;]<\/p>\n","protected":false},"author":2,"featured_media":0,"parent":4169,"menu_order":5,"comment_status":"closed","ping_status":"closed","template":"","meta":{"inline_featured_image":false,"footnotes":"","_links_to":"","_links_to_target":""},"class_list":["post-10439","page","type-page","status-publish","hentry","has-post-title","has-post-date","has-post-category","has-post-tag","has-post-comment","has-post-author",""],"yoast_head":"<title>FCT rules and regulations - CIDEHUS<\/title>\n<meta name=\"description\" content=\"A equipa de investiga\u00e7\u00e3o e os \u00f3rg\u00e3os de gest\u00e3o do CIDEHUS aderem a rigorosas diretrizes de integridade e \u00e9tica cient\u00edfica, em conformidade com normas globais e regulamentos, como o ALLEA (2023), The European Code of Conduct for Research Integrity, ou Defining Responsible and Equitable Authorship by a Principle-based Approach, LERU.\" \/>\n<meta name=\"robots\" content=\"index, follow, max-snippet:-1, max-image-preview:large, max-video-preview:-1\" \/>\n<link rel=\"canonical\" href=\"https:\/\/cidehus.uevora.pt\/en\/the-center\/fct-rules-and-regulations\/\" \/>\n<meta property=\"og:locale\" content=\"en_US\" \/>\n<meta property=\"og:type\" content=\"article\" \/>\n<meta property=\"og:title\" content=\"FCT rules and regulations - CIDEHUS\" \/>\n<meta property=\"og:description\" content=\"A equipa de investiga\u00e7\u00e3o e os \u00f3rg\u00e3os de gest\u00e3o do CIDEHUS aderem a rigorosas diretrizes de integridade e \u00e9tica cient\u00edfica, em conformidade com normas globais e regulamentos, como o ALLEA (2023), The European Code of Conduct for Research Integrity, ou Defining Responsible and Equitable Authorship by a Principle-based Approach, LERU.\" \/>\n<meta property=\"og:url\" content=\"https:\/\/cidehus.uevora.pt\/en\/the-center\/fct-rules-and-regulations\/\" \/>\n<meta property=\"og:site_name\" content=\"CIDEHUS\" \/>\n<meta property=\"article:modified_time\" content=\"2025-11-10T11:28:50+00:00\" \/>\n<meta property=\"og:image\" content=\"https:\/\/cidehus.uevora.pt\/wp-content\/uploads\/2025\/11\/barra-logos_hor-1-1024x96.png\" \/>\n<meta name=\"twitter:card\" content=\"summary_large_image\" \/>\n<script type=\"application\/ld+json\" class=\"yoast-schema-graph\">{\"@context\":\"https:\/\/schema.org\",\"@graph\":[{\"@type\":\"WebPage\",\"@id\":\"https:\/\/cidehus.uevora.pt\/en\/the-center\/fct-rules-and-regulations\/\",\"url\":\"https:\/\/cidehus.uevora.pt\/en\/the-center\/fct-rules-and-regulations\/\",\"name\":\"FCT rules and regulations - CIDEHUS\",\"isPartOf\":{\"@id\":\"https:\/\/cidehus.uevora.pt\/#website\"},\"primaryImageOfPage\":{\"@id\":\"https:\/\/cidehus.uevora.pt\/en\/the-center\/fct-rules-and-regulations\/#primaryimage\"},\"image\":{\"@id\":\"https:\/\/cidehus.uevora.pt\/en\/the-center\/fct-rules-and-regulations\/#primaryimage\"},\"thumbnailUrl\":\"https:\/\/cidehus.uevora.pt\/wp-content\/uploads\/2025\/11\/barra-logos_hor-1-1024x96.png\",\"datePublished\":\"2025-11-07T16:35:55+00:00\",\"dateModified\":\"2025-11-10T11:28:50+00:00\",\"description\":\"A equipa de investiga\u00e7\u00e3o e os \u00f3rg\u00e3os de gest\u00e3o do CIDEHUS aderem a rigorosas diretrizes de integridade e \u00e9tica cient\u00edfica, em conformidade com normas globais e regulamentos, como o ALLEA (2023), The European Code of Conduct for Research Integrity, ou Defining Responsible and Equitable Authorship by a Principle-based Approach, LERU.\",\"breadcrumb\":{\"@id\":\"https:\/\/cidehus.uevora.pt\/en\/the-center\/fct-rules-and-regulations\/#breadcrumb\"},\"inLanguage\":\"en-US\",\"potentialAction\":[{\"@type\":\"ReadAction\",\"target\":[\"https:\/\/cidehus.uevora.pt\/en\/the-center\/fct-rules-and-regulations\/\"]}]},{\"@type\":\"ImageObject\",\"inLanguage\":\"en-US\",\"@id\":\"https:\/\/cidehus.uevora.pt\/en\/the-center\/fct-rules-and-regulations\/#primaryimage\",\"url\":\"https:\/\/cidehus.uevora.pt\/wp-content\/uploads\/2025\/11\/barra-logos_hor-1-1024x96.png\",\"contentUrl\":\"https:\/\/cidehus.uevora.pt\/wp-content\/uploads\/2025\/11\/barra-logos_hor-1-1024x96.png\"},{\"@type\":\"BreadcrumbList\",\"@id\":\"https:\/\/cidehus.uevora.pt\/en\/the-center\/fct-rules-and-regulations\/#breadcrumb\",\"itemListElement\":[{\"@type\":\"ListItem\",\"position\":1,\"name\":\"In\u00edcio\",\"item\":\"https:\/\/cidehus.uevora.pt\/en\/\"},{\"@type\":\"ListItem\",\"position\":2,\"name\":\"The Center\",\"item\":\"https:\/\/cidehus.uevora.pt\/en\/the-center\/\"},{\"@type\":\"ListItem\",\"position\":3,\"name\":\"FCT rules and regulations\"}]},{\"@type\":\"WebSite\",\"@id\":\"https:\/\/cidehus.uevora.pt\/#website\",\"url\":\"https:\/\/cidehus.uevora.pt\/\",\"name\":\"CIDEHUS\",\"description\":\"CIDEHUS\",\"potentialAction\":[{\"@type\":\"SearchAction\",\"target\":{\"@type\":\"EntryPoint\",\"urlTemplate\":\"https:\/\/cidehus.uevora.pt\/?s={search_term_string}\"},\"query-input\":{\"@type\":\"PropertyValueSpecification\",\"valueRequired\":true,\"valueName\":\"search_term_string\"}}],\"inLanguage\":\"en-US\"}]}<\/script>","yoast_head_json":{"title":"FCT rules and regulations - CIDEHUS","description":"A equipa de investiga\u00e7\u00e3o e os \u00f3rg\u00e3os de gest\u00e3o do CIDEHUS aderem a rigorosas diretrizes de integridade e \u00e9tica cient\u00edfica, em conformidade com normas globais e regulamentos, como o ALLEA (2023), The European Code of Conduct for Research Integrity, ou Defining Responsible and Equitable Authorship by a Principle-based Approach, LERU.","robots":{"index":"index","follow":"follow","max-snippet":"max-snippet:-1","max-image-preview":"max-image-preview:large","max-video-preview":"max-video-preview:-1"},"canonical":"https:\/\/cidehus.uevora.pt\/en\/the-center\/fct-rules-and-regulations\/","og_locale":"en_US","og_type":"article","og_title":"FCT rules and regulations - CIDEHUS","og_description":"A equipa de investiga\u00e7\u00e3o e os \u00f3rg\u00e3os de gest\u00e3o do CIDEHUS aderem a rigorosas diretrizes de integridade e \u00e9tica cient\u00edfica, em conformidade com normas globais e regulamentos, como o ALLEA (2023), The European Code of Conduct for Research Integrity, ou Defining Responsible and Equitable Authorship by a Principle-based Approach, LERU.","og_url":"https:\/\/cidehus.uevora.pt\/en\/the-center\/fct-rules-and-regulations\/","og_site_name":"CIDEHUS","article_modified_time":"2025-11-10T11:28:50+00:00","og_image":[{"url":"https:\/\/cidehus.uevora.pt\/wp-content\/uploads\/2025\/11\/barra-logos_hor-1-1024x96.png","type":"","width":"","height":""}],"twitter_card":"summary_large_image","schema":{"@context":"https:\/\/schema.org","@graph":[{"@type":"WebPage","@id":"https:\/\/cidehus.uevora.pt\/en\/the-center\/fct-rules-and-regulations\/","url":"https:\/\/cidehus.uevora.pt\/en\/the-center\/fct-rules-and-regulations\/","name":"FCT rules and regulations - CIDEHUS","isPartOf":{"@id":"https:\/\/cidehus.uevora.pt\/#website"},"primaryImageOfPage":{"@id":"https:\/\/cidehus.uevora.pt\/en\/the-center\/fct-rules-and-regulations\/#primaryimage"},"image":{"@id":"https:\/\/cidehus.uevora.pt\/en\/the-center\/fct-rules-and-regulations\/#primaryimage"},"thumbnailUrl":"https:\/\/cidehus.uevora.pt\/wp-content\/uploads\/2025\/11\/barra-logos_hor-1-1024x96.png","datePublished":"2025-11-07T16:35:55+00:00","dateModified":"2025-11-10T11:28:50+00:00","description":"A equipa de investiga\u00e7\u00e3o e os \u00f3rg\u00e3os de gest\u00e3o do CIDEHUS aderem a rigorosas diretrizes de integridade e \u00e9tica cient\u00edfica, em conformidade com normas globais e regulamentos, como o ALLEA (2023), The European Code of Conduct for Research Integrity, ou Defining Responsible and Equitable Authorship by a Principle-based Approach, LERU.","breadcrumb":{"@id":"https:\/\/cidehus.uevora.pt\/en\/the-center\/fct-rules-and-regulations\/#breadcrumb"},"inLanguage":"en-US","potentialAction":[{"@type":"ReadAction","target":["https:\/\/cidehus.uevora.pt\/en\/the-center\/fct-rules-and-regulations\/"]}]},{"@type":"ImageObject","inLanguage":"en-US","@id":"https:\/\/cidehus.uevora.pt\/en\/the-center\/fct-rules-and-regulations\/#primaryimage","url":"https:\/\/cidehus.uevora.pt\/wp-content\/uploads\/2025\/11\/barra-logos_hor-1-1024x96.png","contentUrl":"https:\/\/cidehus.uevora.pt\/wp-content\/uploads\/2025\/11\/barra-logos_hor-1-1024x96.png"},{"@type":"BreadcrumbList","@id":"https:\/\/cidehus.uevora.pt\/en\/the-center\/fct-rules-and-regulations\/#breadcrumb","itemListElement":[{"@type":"ListItem","position":1,"name":"In\u00edcio","item":"https:\/\/cidehus.uevora.pt\/en\/"},{"@type":"ListItem","position":2,"name":"The Center","item":"https:\/\/cidehus.uevora.pt\/en\/the-center\/"},{"@type":"ListItem","position":3,"name":"FCT rules and regulations"}]},{"@type":"WebSite","@id":"https:\/\/cidehus.uevora.pt\/#website","url":"https:\/\/cidehus.uevora.pt\/","name":"CIDEHUS","description":"CIDEHUS","potentialAction":[{"@type":"SearchAction","target":{"@type":"EntryPoint","urlTemplate":"https:\/\/cidehus.uevora.pt\/?s={search_term_string}"},"query-input":{"@type":"PropertyValueSpecification","valueRequired":true,"valueName":"search_term_string"}}],"inLanguage":"en-US"}]}},"_links":{"self":[{"href":"https:\/\/cidehus.uevora.pt\/en\/wp-json\/wp\/v2\/pages\/10439","targetHints":{"allow":["GET"]}}],"collection":[{"href":"https:\/\/cidehus.uevora.pt\/en\/wp-json\/wp\/v2\/pages"}],"about":[{"href":"https:\/\/cidehus.uevora.pt\/en\/wp-json\/wp\/v2\/types\/page"}],"author":[{"embeddable":true,"href":"https:\/\/cidehus.uevora.pt\/en\/wp-json\/wp\/v2\/users\/2"}],"replies":[{"embeddable":true,"href":"https:\/\/cidehus.uevora.pt\/en\/wp-json\/wp\/v2\/comments?post=10439"}],"version-history":[{"count":0,"href":"https:\/\/cidehus.uevora.pt\/en\/wp-json\/wp\/v2\/pages\/10439\/revisions"}],"up":[{"embeddable":true,"href":"https:\/\/cidehus.uevora.pt\/en\/wp-json\/wp\/v2\/pages\/4169"}],"wp:attachment":[{"href":"https:\/\/cidehus.uevora.pt\/en\/wp-json\/wp\/v2\/media?parent=10439"}],"curies":[{"name":"wp","href":"https:\/\/api.w.org\/{rel}","templated":true}]}}