{"id":4496,"date":"2024-04-13T10:21:23","date_gmt":"2024-04-13T09:21:23","guid":{"rendered":"https:\/\/cidehus.uevora.pt\/investigacao\/cooperacao\/"},"modified":"2026-02-18T10:39:35","modified_gmt":"2026-02-18T10:39:35","slug":"cooperation","status":"publish","type":"page","link":"https:\/\/cidehus.uevora.pt\/en\/research\/cooperation\/","title":{"rendered":"Cooperation"},"content":{"rendered":"<!--themify_builder_content-->\n<div id=\"themify_builder_content-4496\" data-postid=\"4496\" class=\"themify_builder_content themify_builder_content-4496 themify_builder tf_clear\">\n    \t\t\t\t<div  data-lazy=\"1\" class=\"module_row themify_builder_row wraptoppage tb_sfjz742 tb_first tf_w\">\n\t\t\t<span class=\"builder_row_cover tf_abs\"><\/span>\t\t\t<div class=\"row_inner col_align_top tb_col_count_1 tf_box tf_rel\">\n\t\t\t\t\t\t<div  data-lazy=\"1\" class=\"module_column tb-column col-full tb_bsbr743 first\">\n\t\t\t\t\t<!-- module text -->\n<div  class=\"module module-text tb_sifh595   \" data-lazy=\"1\">\n\t    <div  class=\"tb_text_wrap\">\n\t\t<h1>Research<\/h1>\n    <\/div>\n<\/div>\n<!-- \/module text --><!-- module plain text -->\n<div  class=\"module module-plain-text tb_2ije316 \" data-lazy=\"1\">\n        <div class=\"tb_text_wrap\">\n\t<div class=\"module module-breadcrumbs tb_khjq170\">\n<nav role=\"navigation\" aria-label=\"Breadcrumbs\" class=\"tbp_breadcrumb_trail\"><ul class=\"tbp_trail_items\" itemscope=\"\" itemtype=\"http:\/\/schema.org\/BreadcrumbList\"><meta name=\"numberOfItems\" content=\"3\"><meta name=\"itemListOrder\" content=\"Ascending\"><li itemprop=\"itemListElement\" itemscope=\"\" itemtype=\"https:\/\/schema.org\/ListItem\" class=\"tbp_trail_item tbp_trail_begin\"><a itemprop=\"item\" href=\"https:\/\/cidehus.uevora.pt\/en\/\" rel=\"home\"><span itemprop=\"name\">Home<\/span><\/a><meta itemprop=\"position\" content=\"1\"><\/li><li itemprop=\"itemListElement\" itemscope=\"\" itemtype=\"https:\/\/schema.org\/ListItem\" class=\"tbp_trail_item\"><span class=\"tbp_breadcrumb_sep\">\/<\/span><a itemprop=\"item\" href=\"https:\/\/cidehus.uevora.pt\/en\/research\/strategic-project\/\"><span itemprop=\"name\">Research<\/span><\/a><meta itemprop=\"position\" content=\"2\"><\/li><li itemprop=\"itemListElement\" itemscope=\"\" itemtype=\"https:\/\/schema.org\/ListItem\" class=\"tbp_trail_item tbp_trail_end\"><span class=\"tbp_breadcrumb_sep\">\/<\/span><span itemprop=\"name\">Cooperation<\/span><meta itemprop=\"position\" content=\"3\"><\/li><\/ul><\/nav><\/div>    <\/div>\n<\/div>\n<!-- \/module plain text -->\t\t<\/div>\n\t\t\t\t\t\t<\/div>\n\t\t<\/div>\n\t\t\t\t\t\t<div  data-lazy=\"1\" class=\"module_row themify_builder_row wrapispagegenstyle tb_z98u319 tf_w\">\n\t\t\t\t\t\t<div class=\"row_inner col_align_top tb_col_count_2 tf_box tf_rel\">\n\t\t\t\t\t\t<div  data-lazy=\"1\" class=\"module_column tb-column col4-2 tb_6oee319 first\">\n\t\t\t\t\t<!-- module text -->\n<div  class=\"module module-text tb_0v01333 ispagegenstyle boldlinks  \" data-lazy=\"1\">\n\t    <div  class=\"tb_text_wrap\">\n\t\t<h2>Cooperation<\/h2><p>CIDEHUS is part of a vast set of national and international research networks, and has researchers on the boards, scientific committees and working groups of several international associations and institutions.<\/p><h3>Networks, Alliances and Research Communities<\/h3><p><a href=\"https:\/\/sustainable-tourism.interreg-euro-med.eu\/\" target=\"_blank\" rel=\"noopener\">Community4Tourism<\/a><\/p><p><a href=\"https:\/\/www.iuav.it\/Didattica1\/workshop-e\/2016\/HERITAGE-T\/OVERVIEW\/CHI-SIAMO\/\" target=\"_blank\" rel=\"noopener\">Designing Heritage Tourism Landscapes<\/a><\/p><p><a href=\"https:\/\/www.echoes-eccch.eu\/\" target=\"_blank\" rel=\"noopener\">ECHOES &#8211; A European Cloud for Heritage OpEn Science<\/a><\/p><p><a href=\"https:\/\/eugreenalliance.eu\/\" target=\"_blank\" rel=\"noopener\">EU GREEN &#8211; European Alliance <\/a><\/p><p><a href=\"https:\/\/heirnetonline.com\/\" target=\"_blank\" rel=\"noopener\">HEIRNET &#8211; History Educators International Research Network<\/a><\/p><p><a href=\"https:\/\/www.iberoatur.org\/\" target=\"_blank\" rel=\"noopener\">IBEROATUR &#8211; Instituto Iberoamericano de Turismo Rural<\/a><\/p><p><a href=\"https:\/\/www.unwto.org\/sustainable-development\/unwto-international-network-of-sustainable-tourism-observatories\" target=\"_blank\" rel=\"noopener\">International Network of Sustainable Tourism Observatories (INSTO)<\/a><\/p><p><a href=\"https:\/\/www.rbev.uevora.pt\/Rede\" target=\"_blank\" rel=\"noopener\">RBEV \u2013 Rede de Bibliotecas de \u00c9vora<\/a><\/p><p><a href=\"https:\/\/www.um.es\/redcolumnaria\/en\/\" target=\"_blank\" rel=\"noopener\">Red Columnaria<\/a><\/p><p><a href=\"https:\/\/blog.uclm.es\/familynex\/\" target=\"_blank\" rel=\"noopener\">Rede FamilyNex<\/a><\/p><p><a href=\"https:\/\/www.reportha.org\/en\/\" target=\"_blank\" rel=\"noopener\">REPORT(H)A &#8211; Portuguese Network on Environmental History<\/a><\/p><p><a href=\"https:\/\/ruralreport.sper.pt\/\" target=\"_blank\" rel=\"noopener\">Rural RePort \u2013 Rede de Hist\u00f3ria Rural em Portugu\u00eas<\/a><\/p><p><a href=\"https:\/\/www.uni-med.net\/\" target=\"_blank\" rel=\"noopener\">UNIMED &#8211; Mediterranean Universities Union<\/a><\/p><p>CIDEHUS integrates the management of the UNIMED Office at the University of \u00c9vora<\/p><h3>Scientific Associations<\/h3><p><a href=\"https:\/\/www.criticalheritagestudies.org\/\" target=\"_blank\" rel=\"noopener\">ACHS &#8211; Association of Critical Heritage Studies<\/a><\/p><p><a href=\"https:\/\/ahlist.org\/\" target=\"_blank\" rel=\"noopener\">AHLiST &#8211; Association of History, Literature, Science and Technology<\/a><\/p><p><a href=\"https:\/\/aphes.pt\/\" target=\"_blank\" rel=\"noopener\">APHES &#8211; Associa\u00e7\u00e3o Portuguesa de Hist\u00f3ria Econ\u00f3mica e Social<\/a><\/p><p><a href=\"https:\/\/asihf.org\/\" target=\"_blank\" rel=\"noopener\">ASIHF &#8211; Asociaci\u00f3n Ib\u00e9rica de Historia Ferroviaria<\/a><\/p><p><a href=\"https:\/\/atlas-euro.org\/\" target=\"_blank\" rel=\"noopener\">ATLAS &#8211; Association for Tourism and Leisure Education and Research<\/a><\/p><p><a href=\"https:\/\/eadh.org\/\" target=\"_blank\" rel=\"noopener\">EADH &#8211; The European Association for Digital Humanities<\/a><\/p><p><a href=\"https:\/\/eahn.org\/\" target=\"_blank\" rel=\"noopener\">EAHN &#8211; European Architectural History Network<\/a><\/p><p><a href=\"https:\/\/icom.museum\/en\/\" target=\"_blank\" rel=\"noopener\">ICOM &#8211; International Council of Museums<\/a><\/p><p><a href=\"https:\/\/www.icohtec.org\/\" target=\"_blank\" rel=\"noopener\">ICOTHEC &#8211; International Committee for the History of Technology<\/a><\/p><p><a href=\"https:\/\/www.ica.org\/ica-network\/professional-sections\/sar\/\" target=\"_blank\" rel=\"noopener\">International Council on Archives &#8211; Section on Architectural Records (ICA-SAR)<\/a><\/p><p><a href=\"https:\/\/aihc-irha-aihf.com\/\" target=\"_blank\" rel=\"noopener\">IRHA &#8211; International Association for Railway History<\/a><\/p><p><a href=\"https:\/\/www.ifla.org\/g\/unimarc-rg\/permanent-unimarc-committee-puc\/\" target=\"_blank\" rel=\"noopener\">Permanent UNIMARC Committee of IFLA &#8211; International Federation of Library Associations and Institutions <\/a><\/p><p><a href=\"https:\/\/respatrimoni.wordpress.com\/\" target=\"_blank\" rel=\"noopener\">Respatrimoni &#8211; Network of Researchers on Heritagisations<\/a><\/p><p><a href=\"https:\/\/www.exofficinahispana.org\/\" target=\"_blank\" rel=\"noopener\">SECAH &#8211; Sociedad de Estudios de la Cer\u00e1mica Antigua en Hispania<\/a><\/p><p><a href=\"https:\/\/www.show.org.uk\/\" target=\"_blank\" rel=\"noopener\">SHoW &#8211; Society for the History of War<\/a><\/p>    <\/div>\n<\/div>\n<!-- \/module text -->\t\t<\/div>\n\t\t\t\t\t<div  data-lazy=\"1\" class=\"module_column tb-column col4-2 tb_bb7d926 ispageside last\">\n\t\t\t\t\t<!-- module widgetized -->\n<div  class=\"module module-widgetized tb_0v19517  \" data-lazy=\"1\">\n    <div id=\"wpb_wmca_accordion_widget-6\" class=\"widget widget_wpb_wmca_accordion_widget\"><h4 class=\"widgettitle\">Investigation<\/h4>\t\t\t<div class=\"wpb_category_n_menu_accordion wpb_accordion_free_version wpb_wmca_accordion_wrapper_theme_transparent wpb_wmca_keyboard_accessibility_no wpb_the_menu_accordion\" data-shortcode_id=\"2200\" data-accordion=\"true\" data-indicator_icon=\"+\">\n\t\t\t\t\t\t\t\t<ul id=\"menu-investigacaomenuen\" class=\"wpb_category_n_menu_accordion_list\"><li id=\"menu-item-4580\" class=\"menu-item menu-item-type-post_type menu-item-object-page menu-item-4580\"><a href=\"https:\/\/cidehus.uevora.pt\/en\/research\/strategic-project\/\">Strategic Project<\/a><\/li>\n<li id=\"menu-item-4581\" class=\"menu-item menu-item-type-post_type menu-item-object-page menu-item-has-children menu-item-4581\"><a href=\"https:\/\/cidehus.uevora.pt\/en\/research\/research-groups\/\">Research Groups<\/a>\n<ul class=\"sub-menu\">\n\t<li id=\"menu-item-4582\" class=\"menu-item menu-item-type-post_type menu-item-object-page menu-item-4582\"><a href=\"https:\/\/cidehus.uevora.pt\/en\/research\/research-groups\/g1\/\">Group 1<\/a><\/li>\n\t<li id=\"menu-item-4583\" class=\"menu-item menu-item-type-post_type menu-item-object-page menu-item-4583\"><a href=\"https:\/\/cidehus.uevora.pt\/en\/research\/research-groups\/g2\/\">Group 2<\/a><\/li>\n\t<li id=\"menu-item-4584\" class=\"menu-item menu-item-type-post_type menu-item-object-page menu-item-4584\"><a href=\"https:\/\/cidehus.uevora.pt\/en\/research\/research-groups\/g3\/\">Group 3<\/a><\/li>\n<\/ul>\n<\/li>\n<li id=\"menu-item-4585\" class=\"menu-item menu-item-type-post_type menu-item-object-page menu-item-4585\"><a href=\"https:\/\/cidehus.uevora.pt\/en\/research\/research-structures\/\">Research Structures<\/a><\/li>\n<li id=\"menu-item-4586\" class=\"menu-item menu-item-type-post_type menu-item-object-page menu-item-4586\"><a href=\"https:\/\/cidehus.uevora.pt\/en\/research\/projects\/\">Projects<\/a><\/li>\n<li id=\"menu-item-4587\" class=\"menu-item menu-item-type-post_type menu-item-object-page menu-item-4587\"><a href=\"https:\/\/cidehus.uevora.pt\/en\/research\/cooperation\/\">Cooperation<\/a><\/li>\n<li id=\"menu-item-4588\" class=\"sidemenuhasi menu-item menu-item-type-custom menu-item-object-custom menu-item-4588\"><a target=\"_blank\" href=\"https:\/\/www.uevora.pt\/en\/research\/projects?unidade=30977\">Archive &#8211; Managed Projects<\/a><\/li>\n<\/ul>\t\t\t\t\t\t\t<\/div>\n\t\t<\/div><\/div>\n<!-- \/module widgetized -->\t\t<\/div>\n\t\t\t\t\t\t<\/div>\n\t\t<\/div>\n\t\t<\/div>\n<!--\/themify_builder_content-->","protected":false},"excerpt":{"rendered":"<p>Research Home \/Research \/Cooperation Cooperation CIDEHUS is part of a vast set of national and international research networks, and has researchers on the boards, scientific committees and working groups of [&hellip;]<\/p>\n","protected":false},"author":1,"featured_media":0,"parent":4488,"menu_order":5,"comment_status":"closed","ping_status":"closed","template":"","meta":{"inline_featured_image":false,"footnotes":"","_links_to":"","_links_to_target":""},"class_list":["post-4496","page","type-page","status-publish","hentry","has-post-title","has-post-date","has-post-category","has-post-tag","has-post-comment","has-post-author",""],"yoast_head":"<title>Cooperation - CIDEHUS<\/title>\n<meta name=\"robots\" content=\"index, follow, max-snippet:-1, max-image-preview:large, max-video-preview:-1\" \/>\n<link rel=\"canonical\" href=\"https:\/\/cidehus.uevora.pt\/en\/research\/cooperation\/\" \/>\n<meta property=\"og:locale\" content=\"en_US\" \/>\n<meta property=\"og:type\" content=\"article\" \/>\n<meta property=\"og:title\" content=\"Cooperation - CIDEHUS\" \/>\n<meta property=\"og:description\" content=\"Research Home \/Research \/Cooperation Cooperation CIDEHUS is part of a vast set of national and international research networks, and has researchers on the boards, scientific committees and working groups of [&hellip;]\" \/>\n<meta property=\"og:url\" content=\"https:\/\/cidehus.uevora.pt\/en\/research\/cooperation\/\" \/>\n<meta property=\"og:site_name\" content=\"CIDEHUS\" \/>\n<meta property=\"article:modified_time\" content=\"2026-02-18T10:39:35+00:00\" \/>\n<meta name=\"twitter:card\" content=\"summary_large_image\" \/>\n<script type=\"application\/ld+json\" class=\"yoast-schema-graph\">{\"@context\":\"https:\/\/schema.org\",\"@graph\":[{\"@type\":\"WebPage\",\"@id\":\"https:\/\/cidehus.uevora.pt\/en\/research\/cooperation\/\",\"url\":\"https:\/\/cidehus.uevora.pt\/en\/research\/cooperation\/\",\"name\":\"Cooperation - CIDEHUS\",\"isPartOf\":{\"@id\":\"https:\/\/cidehus.uevora.pt\/#website\"},\"datePublished\":\"2024-04-13T09:21:23+00:00\",\"dateModified\":\"2026-02-18T10:39:35+00:00\",\"breadcrumb\":{\"@id\":\"https:\/\/cidehus.uevora.pt\/en\/research\/cooperation\/#breadcrumb\"},\"inLanguage\":\"en-US\",\"potentialAction\":[{\"@type\":\"ReadAction\",\"target\":[\"https:\/\/cidehus.uevora.pt\/en\/research\/cooperation\/\"]}]},{\"@type\":\"BreadcrumbList\",\"@id\":\"https:\/\/cidehus.uevora.pt\/en\/research\/cooperation\/#breadcrumb\",\"itemListElement\":[{\"@type\":\"ListItem\",\"position\":1,\"name\":\"In\u00edcio\",\"item\":\"https:\/\/cidehus.uevora.pt\/en\/\"},{\"@type\":\"ListItem\",\"position\":2,\"name\":\"Research\",\"item\":\"https:\/\/cidehus.uevora.pt\/en\/research\/\"},{\"@type\":\"ListItem\",\"position\":3,\"name\":\"Cooperation\"}]},{\"@type\":\"WebSite\",\"@id\":\"https:\/\/cidehus.uevora.pt\/#website\",\"url\":\"https:\/\/cidehus.uevora.pt\/\",\"name\":\"CIDEHUS\",\"description\":\"CIDEHUS\",\"potentialAction\":[{\"@type\":\"SearchAction\",\"target\":{\"@type\":\"EntryPoint\",\"urlTemplate\":\"https:\/\/cidehus.uevora.pt\/?s={search_term_string}\"},\"query-input\":{\"@type\":\"PropertyValueSpecification\",\"valueRequired\":true,\"valueName\":\"search_term_string\"}}],\"inLanguage\":\"en-US\"}]}<\/script>","yoast_head_json":{"title":"Cooperation - CIDEHUS","robots":{"index":"index","follow":"follow","max-snippet":"max-snippet:-1","max-image-preview":"max-image-preview:large","max-video-preview":"max-video-preview:-1"},"canonical":"https:\/\/cidehus.uevora.pt\/en\/research\/cooperation\/","og_locale":"en_US","og_type":"article","og_title":"Cooperation - CIDEHUS","og_description":"Research Home \/Research \/Cooperation Cooperation CIDEHUS is part of a vast set of national and international research networks, and has researchers on the boards, scientific committees and working groups of [&hellip;]","og_url":"https:\/\/cidehus.uevora.pt\/en\/research\/cooperation\/","og_site_name":"CIDEHUS","article_modified_time":"2026-02-18T10:39:35+00:00","twitter_card":"summary_large_image","schema":{"@context":"https:\/\/schema.org","@graph":[{"@type":"WebPage","@id":"https:\/\/cidehus.uevora.pt\/en\/research\/cooperation\/","url":"https:\/\/cidehus.uevora.pt\/en\/research\/cooperation\/","name":"Cooperation - CIDEHUS","isPartOf":{"@id":"https:\/\/cidehus.uevora.pt\/#website"},"datePublished":"2024-04-13T09:21:23+00:00","dateModified":"2026-02-18T10:39:35+00:00","breadcrumb":{"@id":"https:\/\/cidehus.uevora.pt\/en\/research\/cooperation\/#breadcrumb"},"inLanguage":"en-US","potentialAction":[{"@type":"ReadAction","target":["https:\/\/cidehus.uevora.pt\/en\/research\/cooperation\/"]}]},{"@type":"BreadcrumbList","@id":"https:\/\/cidehus.uevora.pt\/en\/research\/cooperation\/#breadcrumb","itemListElement":[{"@type":"ListItem","position":1,"name":"In\u00edcio","item":"https:\/\/cidehus.uevora.pt\/en\/"},{"@type":"ListItem","position":2,"name":"Research","item":"https:\/\/cidehus.uevora.pt\/en\/research\/"},{"@type":"ListItem","position":3,"name":"Cooperation"}]},{"@type":"WebSite","@id":"https:\/\/cidehus.uevora.pt\/#website","url":"https:\/\/cidehus.uevora.pt\/","name":"CIDEHUS","description":"CIDEHUS","potentialAction":[{"@type":"SearchAction","target":{"@type":"EntryPoint","urlTemplate":"https:\/\/cidehus.uevora.pt\/?s={search_term_string}"},"query-input":{"@type":"PropertyValueSpecification","valueRequired":true,"valueName":"search_term_string"}}],"inLanguage":"en-US"}]}},"_links":{"self":[{"href":"https:\/\/cidehus.uevora.pt\/en\/wp-json\/wp\/v2\/pages\/4496","targetHints":{"allow":["GET"]}}],"collection":[{"href":"https:\/\/cidehus.uevora.pt\/en\/wp-json\/wp\/v2\/pages"}],"about":[{"href":"https:\/\/cidehus.uevora.pt\/en\/wp-json\/wp\/v2\/types\/page"}],"author":[{"embeddable":true,"href":"https:\/\/cidehus.uevora.pt\/en\/wp-json\/wp\/v2\/users\/1"}],"replies":[{"embeddable":true,"href":"https:\/\/cidehus.uevora.pt\/en\/wp-json\/wp\/v2\/comments?post=4496"}],"version-history":[{"count":4,"href":"https:\/\/cidehus.uevora.pt\/en\/wp-json\/wp\/v2\/pages\/4496\/revisions"}],"predecessor-version":[{"id":12620,"href":"https:\/\/cidehus.uevora.pt\/en\/wp-json\/wp\/v2\/pages\/4496\/revisions\/12620"}],"up":[{"embeddable":true,"href":"https:\/\/cidehus.uevora.pt\/en\/wp-json\/wp\/v2\/pages\/4488"}],"wp:attachment":[{"href":"https:\/\/cidehus.uevora.pt\/en\/wp-json\/wp\/v2\/media?parent=4496"}],"curies":[{"name":"wp","href":"https:\/\/api.w.org\/{rel}","templated":true}]}}