{"id":4504,"date":"2024-04-13T10:34:05","date_gmt":"2024-04-13T09:34:05","guid":{"rendered":"https:\/\/cidehus.uevora.pt\/formacao\/outros-cursos\/"},"modified":"2024-10-04T15:14:55","modified_gmt":"2024-10-04T14:14:55","slug":"other-courses","status":"publish","type":"page","link":"https:\/\/cidehus.uevora.pt\/en\/courses\/other-courses\/","title":{"rendered":"Other Courses"},"content":{"rendered":"<!--themify_builder_content-->\n<div id=\"themify_builder_content-4504\" data-postid=\"4504\" class=\"themify_builder_content themify_builder_content-4504 themify_builder tf_clear\">\n    \t\t\t\t<div  data-lazy=\"1\" class=\"module_row themify_builder_row wraptoppage tb_sfjz742 tb_first tf_w\">\n\t\t\t<span class=\"builder_row_cover tf_abs\"><\/span>\t\t\t<div class=\"row_inner col_align_top tb_col_count_1 tf_box tf_rel\">\n\t\t\t\t\t\t<div  data-lazy=\"1\" class=\"module_column tb-column col-full tb_bsbr743 first\">\n\t\t\t\t\t<!-- module text -->\n<div  class=\"module module-text tb_sifh595   \" data-lazy=\"1\">\n\t    <div  class=\"tb_text_wrap\">\n\t\t<h1>Courses<\/h1>\n    <\/div>\n<\/div>\n<!-- \/module text --><!-- module plain text -->\n<div  class=\"module module-plain-text tb_2ije316 \" data-lazy=\"1\">\n        <div class=\"tb_text_wrap\">\n\t<div class=\"module module-breadcrumbs tb_khjq170\">\n<nav role=\"navigation\" aria-label=\"Breadcrumbs\" class=\"tbp_breadcrumb_trail\"><ul class=\"tbp_trail_items\" itemscope=\"\" itemtype=\"http:\/\/schema.org\/BreadcrumbList\"><meta name=\"numberOfItems\" content=\"3\"><meta name=\"itemListOrder\" content=\"Ascending\"><li itemprop=\"itemListElement\" itemscope=\"\" itemtype=\"https:\/\/schema.org\/ListItem\" class=\"tbp_trail_item tbp_trail_begin\"><a itemprop=\"item\" href=\"https:\/\/cidehus.uevora.pt\/en\/\" rel=\"home\"><span itemprop=\"name\">Home<\/span><\/a><meta itemprop=\"position\" content=\"1\"><\/li><li itemprop=\"itemListElement\" itemscope=\"\" itemtype=\"https:\/\/schema.org\/ListItem\" class=\"tbp_trail_item\"><span class=\"tbp_breadcrumb_sep\">\/<\/span><a itemprop=\"item\" href=\"https:\/\/cidehus.uevora.pt\/en\/courses\/doctorates\/\"><span itemprop=\"name\">Courses<\/span><\/a><meta itemprop=\"position\" content=\"2\"><\/li><li itemprop=\"itemListElement\" itemscope=\"\" itemtype=\"https:\/\/schema.org\/ListItem\" class=\"tbp_trail_item tbp_trail_end\"><span class=\"tbp_breadcrumb_sep\">\/<\/span><span itemprop=\"name\">Other Courses<\/span><meta itemprop=\"position\" content=\"3\"><\/li><\/ul><\/nav><\/div>    <\/div>\n<\/div>\n<!-- \/module plain text -->\t\t<\/div>\n\t\t\t\t\t\t<\/div>\n\t\t<\/div>\n\t\t\t\t\t\t<div  data-lazy=\"1\" class=\"module_row themify_builder_row wrapispagegenstyle tb_z98u319 tf_w\">\n\t\t\t\t\t\t<div class=\"row_inner col_align_top tb_col_count_2 tf_box tf_rel\">\n\t\t\t\t\t\t<div  data-lazy=\"1\" class=\"module_column tb-column col4-2 tb_6oee319 first\">\n\t\t\t\t\t<!-- module text -->\n<div  class=\"module module-text tb_nq71349 ispagegenstyleform  \" data-lazy=\"1\">\n\t    <div  class=\"tb_text_wrap\">\n\t\t<h2>Other Courses<\/h2><h3><span style=\"color: #c9c5c5;\">U\u00c9<\/span><\/h3><p><a href=\"https:\/\/www.uevora.pt\/en\/study\/courses\/continuous-training-courses?curso=2715&amp;v=plano-estudos&amp;uc=HIS14802O&amp;ano=2023\" target=\"_blank\" rel=\"noopener\">Mediterranean Cultural Heritage and European Policies<\/a><\/p><p><a href=\"https:\/\/www.uevora.pt\/en\/study\/courses\/continuous-training-courses?curso=2558\" target=\"_blank\" rel=\"noopener\">3rd Cycle Cross Skills<\/a><\/p>    <\/div>\n<\/div>\n<!-- \/module text -->\t\t<\/div>\n\t\t\t\t\t<div  data-lazy=\"1\" class=\"module_column tb-column col4-2 tb_bb7d926 ispageside last\">\n\t\t\t\t\t<!-- module widgetized -->\n<div  class=\"module module-widgetized tb_0v19517  \" data-lazy=\"1\">\n    <div id=\"nav_menu-8\" class=\"widget widget_nav_menu\"><h4 class=\"widgettitle\">Training<\/h4><div class=\"menu-formacaomenuen-container\"><ul id=\"menu-formacaomenuen\" class=\"menu\"><li id=\"menu-item-4576\" class=\"menu-item menu-item-type-post_type menu-item-object-page menu-item-4576\"><a href=\"https:\/\/cidehus.uevora.pt\/en\/courses\/doctorates\/\">Doctorates<\/a><\/li>\n<li id=\"menu-item-4577\" class=\"menu-item menu-item-type-post_type menu-item-object-page menu-item-4577\"><a href=\"https:\/\/cidehus.uevora.pt\/en\/courses\/masters-degrees\/\">Master&#8217;s Degrees<\/a><\/li>\n<li id=\"menu-item-4578\" class=\"menu-item menu-item-type-post_type menu-item-object-page menu-item-4578\"><a href=\"https:\/\/cidehus.uevora.pt\/en\/courses\/postgraduate-certifications\/\">Postgraduate Certifications<\/a><\/li>\n<li id=\"menu-item-4579\" class=\"menu-item menu-item-type-post_type menu-item-object-page menu-item-4579\"><a href=\"https:\/\/cidehus.uevora.pt\/en\/courses\/other-courses\/\">Other Courses<\/a><\/li>\n<\/ul><\/div><\/div><\/div>\n<!-- \/module widgetized -->\t\t<\/div>\n\t\t\t\t\t\t<\/div>\n\t\t<\/div>\n\t\t<\/div>\n<!--\/themify_builder_content-->","protected":false},"excerpt":{"rendered":"<p>Training Home \/Training \/Other Courses Other Courses U\u00c9 Mediterranean Cultural Heritage and European Policies 3rd Cycle Cross Skills Forma\u00e7\u00e3o Doctoral Degree Master Degree Postgraduates Other Courses Training Doctoral Degree Master [&hellip;]<\/p>\n","protected":false},"author":1,"featured_media":0,"parent":4500,"menu_order":4,"comment_status":"closed","ping_status":"closed","template":"","meta":{"inline_featured_image":false,"footnotes":"","_links_to":"","_links_to_target":""},"class_list":["post-4504","page","type-page","status-publish","hentry","has-post-title","has-post-date","has-post-category","has-post-tag","has-post-comment","has-post-author",""],"yoast_head":"<title>Other Courses - CIDEHUS<\/title>\n<meta name=\"robots\" content=\"index, follow, max-snippet:-1, max-image-preview:large, max-video-preview:-1\" \/>\n<link rel=\"canonical\" href=\"https:\/\/cidehus.uevora.pt\/en\/courses\/other-courses\/\" \/>\n<meta property=\"og:locale\" content=\"en_US\" \/>\n<meta property=\"og:type\" content=\"article\" \/>\n<meta property=\"og:title\" content=\"Other Courses - CIDEHUS\" \/>\n<meta property=\"og:description\" content=\"Training Home \/Training \/Other Courses Other Courses U\u00c9 Mediterranean Cultural Heritage and European Policies 3rd Cycle Cross Skills Forma\u00e7\u00e3o Doctoral Degree Master Degree Postgraduates Other Courses Training Doctoral Degree Master [&hellip;]\" \/>\n<meta property=\"og:url\" content=\"https:\/\/cidehus.uevora.pt\/en\/courses\/other-courses\/\" \/>\n<meta property=\"og:site_name\" content=\"CIDEHUS\" \/>\n<meta property=\"article:modified_time\" content=\"2024-10-04T14:14:55+00:00\" \/>\n<meta name=\"twitter:card\" content=\"summary_large_image\" \/>\n<script type=\"application\/ld+json\" class=\"yoast-schema-graph\">{\"@context\":\"https:\/\/schema.org\",\"@graph\":[{\"@type\":\"WebPage\",\"@id\":\"https:\/\/cidehus.uevora.pt\/en\/courses\/other-courses\/\",\"url\":\"https:\/\/cidehus.uevora.pt\/en\/courses\/other-courses\/\",\"name\":\"Other Courses - CIDEHUS\",\"isPartOf\":{\"@id\":\"https:\/\/cidehus.uevora.pt\/#website\"},\"datePublished\":\"2024-04-13T09:34:05+00:00\",\"dateModified\":\"2024-10-04T14:14:55+00:00\",\"breadcrumb\":{\"@id\":\"https:\/\/cidehus.uevora.pt\/en\/courses\/other-courses\/#breadcrumb\"},\"inLanguage\":\"en-US\",\"potentialAction\":[{\"@type\":\"ReadAction\",\"target\":[\"https:\/\/cidehus.uevora.pt\/en\/courses\/other-courses\/\"]}]},{\"@type\":\"BreadcrumbList\",\"@id\":\"https:\/\/cidehus.uevora.pt\/en\/courses\/other-courses\/#breadcrumb\",\"itemListElement\":[{\"@type\":\"ListItem\",\"position\":1,\"name\":\"In\u00edcio\",\"item\":\"https:\/\/cidehus.uevora.pt\/en\/\"},{\"@type\":\"ListItem\",\"position\":2,\"name\":\"Courses\",\"item\":\"https:\/\/cidehus.uevora.pt\/en\/courses\/\"},{\"@type\":\"ListItem\",\"position\":3,\"name\":\"Other Courses\"}]},{\"@type\":\"WebSite\",\"@id\":\"https:\/\/cidehus.uevora.pt\/#website\",\"url\":\"https:\/\/cidehus.uevora.pt\/\",\"name\":\"CIDEHUS\",\"description\":\"CIDEHUS\",\"potentialAction\":[{\"@type\":\"SearchAction\",\"target\":{\"@type\":\"EntryPoint\",\"urlTemplate\":\"https:\/\/cidehus.uevora.pt\/?s={search_term_string}\"},\"query-input\":{\"@type\":\"PropertyValueSpecification\",\"valueRequired\":true,\"valueName\":\"search_term_string\"}}],\"inLanguage\":\"en-US\"}]}<\/script>","yoast_head_json":{"title":"Other Courses - CIDEHUS","robots":{"index":"index","follow":"follow","max-snippet":"max-snippet:-1","max-image-preview":"max-image-preview:large","max-video-preview":"max-video-preview:-1"},"canonical":"https:\/\/cidehus.uevora.pt\/en\/courses\/other-courses\/","og_locale":"en_US","og_type":"article","og_title":"Other Courses - CIDEHUS","og_description":"Training Home \/Training \/Other Courses Other Courses U\u00c9 Mediterranean Cultural Heritage and European Policies 3rd Cycle Cross Skills Forma\u00e7\u00e3o Doctoral Degree Master Degree Postgraduates Other Courses Training Doctoral Degree Master [&hellip;]","og_url":"https:\/\/cidehus.uevora.pt\/en\/courses\/other-courses\/","og_site_name":"CIDEHUS","article_modified_time":"2024-10-04T14:14:55+00:00","twitter_card":"summary_large_image","schema":{"@context":"https:\/\/schema.org","@graph":[{"@type":"WebPage","@id":"https:\/\/cidehus.uevora.pt\/en\/courses\/other-courses\/","url":"https:\/\/cidehus.uevora.pt\/en\/courses\/other-courses\/","name":"Other Courses - CIDEHUS","isPartOf":{"@id":"https:\/\/cidehus.uevora.pt\/#website"},"datePublished":"2024-04-13T09:34:05+00:00","dateModified":"2024-10-04T14:14:55+00:00","breadcrumb":{"@id":"https:\/\/cidehus.uevora.pt\/en\/courses\/other-courses\/#breadcrumb"},"inLanguage":"en-US","potentialAction":[{"@type":"ReadAction","target":["https:\/\/cidehus.uevora.pt\/en\/courses\/other-courses\/"]}]},{"@type":"BreadcrumbList","@id":"https:\/\/cidehus.uevora.pt\/en\/courses\/other-courses\/#breadcrumb","itemListElement":[{"@type":"ListItem","position":1,"name":"In\u00edcio","item":"https:\/\/cidehus.uevora.pt\/en\/"},{"@type":"ListItem","position":2,"name":"Courses","item":"https:\/\/cidehus.uevora.pt\/en\/courses\/"},{"@type":"ListItem","position":3,"name":"Other Courses"}]},{"@type":"WebSite","@id":"https:\/\/cidehus.uevora.pt\/#website","url":"https:\/\/cidehus.uevora.pt\/","name":"CIDEHUS","description":"CIDEHUS","potentialAction":[{"@type":"SearchAction","target":{"@type":"EntryPoint","urlTemplate":"https:\/\/cidehus.uevora.pt\/?s={search_term_string}"},"query-input":{"@type":"PropertyValueSpecification","valueRequired":true,"valueName":"search_term_string"}}],"inLanguage":"en-US"}]}},"_links":{"self":[{"href":"https:\/\/cidehus.uevora.pt\/en\/wp-json\/wp\/v2\/pages\/4504","targetHints":{"allow":["GET"]}}],"collection":[{"href":"https:\/\/cidehus.uevora.pt\/en\/wp-json\/wp\/v2\/pages"}],"about":[{"href":"https:\/\/cidehus.uevora.pt\/en\/wp-json\/wp\/v2\/types\/page"}],"author":[{"embeddable":true,"href":"https:\/\/cidehus.uevora.pt\/en\/wp-json\/wp\/v2\/users\/1"}],"replies":[{"embeddable":true,"href":"https:\/\/cidehus.uevora.pt\/en\/wp-json\/wp\/v2\/comments?post=4504"}],"version-history":[{"count":0,"href":"https:\/\/cidehus.uevora.pt\/en\/wp-json\/wp\/v2\/pages\/4504\/revisions"}],"up":[{"embeddable":true,"href":"https:\/\/cidehus.uevora.pt\/en\/wp-json\/wp\/v2\/pages\/4500"}],"wp:attachment":[{"href":"https:\/\/cidehus.uevora.pt\/en\/wp-json\/wp\/v2\/media?parent=4504"}],"curies":[{"name":"wp","href":"https:\/\/api.w.org\/{rel}","templated":true}]}}