{"id":4516,"date":"2024-04-15T16:06:29","date_gmt":"2024-04-15T15:06:29","guid":{"rendered":"https:\/\/cidehus.uevora.pt\/contactos\/"},"modified":"2024-10-04T15:46:42","modified_gmt":"2024-10-04T14:46:42","slug":"contacts","status":"publish","type":"page","link":"https:\/\/cidehus.uevora.pt\/en\/contacts\/","title":{"rendered":"Contacts"},"content":{"rendered":"<!--themify_builder_content-->\n<div id=\"themify_builder_content-4516\" data-postid=\"4516\" class=\"themify_builder_content themify_builder_content-4516 themify_builder tf_clear\">\n    \t\t\t\t<div  data-lazy=\"1\" class=\"module_row themify_builder_row wraptoppage tb_sfjz742 tb_first tf_w\">\n\t\t\t<span class=\"builder_row_cover tf_abs\"><\/span>\t\t\t<div class=\"row_inner col_align_top tb_col_count_1 tf_box tf_rel\">\n\t\t\t\t\t\t<div  data-lazy=\"1\" class=\"module_column tb-column col-full tb_bsbr743 first\">\n\t\t\t\t\t<!-- module text -->\n<div  class=\"module module-text tb_sifh595   \" data-lazy=\"1\">\n\t    <div  class=\"tb_text_wrap\">\n\t\t<h1>Contacts<\/h1>\n    <\/div>\n<\/div>\n<!-- \/module text --><!-- module plain text -->\n<div  class=\"module module-plain-text tb_2ije316 \" data-lazy=\"1\">\n        <div class=\"tb_text_wrap\">\n\t<div class=\"module module-breadcrumbs tb_khjq170\">\n<nav role=\"navigation\" aria-label=\"Breadcrumbs\" class=\"tbp_breadcrumb_trail\"><ul class=\"tbp_trail_items\" itemscope=\"\" itemtype=\"http:\/\/schema.org\/BreadcrumbList\"><meta name=\"numberOfItems\" content=\"3\"><meta name=\"itemListOrder\" content=\"Ascending\"><li itemprop=\"itemListElement\" itemscope=\"\" itemtype=\"https:\/\/schema.org\/ListItem\" class=\"tbp_trail_item tbp_trail_begin\"><a itemprop=\"item\" href=\"https:\/\/cidehus.uevora.pt\/en\/\" rel=\"home\"><span itemprop=\"name\">Home<\/span><\/a><meta itemprop=\"position\" content=\"1\"><\/li><li itemprop=\"itemListElement\" itemscope=\"\" itemtype=\"https:\/\/schema.org\/ListItem\" class=\"tbp_trail_item tbp_trail_end\"><span class=\"tbp_breadcrumb_sep\">\/<\/span><span itemprop=\"name\">Contacts<\/span><meta itemprop=\"position\" content=\"3\"><\/li><\/ul><\/nav><\/div>    <\/div>\n<\/div>\n<!-- \/module plain text -->\t\t<\/div>\n\t\t\t\t\t\t<\/div>\n\t\t<\/div>\n\t\t\t\t\t\t<div  data-lazy=\"1\" class=\"module_row themify_builder_row wrapispagegenstyle tb_z98u319 tf_w\">\n\t\t\t\t\t\t<div class=\"row_inner col_align_middle tb_col_count_2 tf_box tf_rel\">\n\t\t\t\t\t\t<div  data-lazy=\"1\" class=\"module_column tb-column col4-2 tb_6oee319 first\">\n\t\t\t\t\t<!-- module text -->\n<div  class=\"module module-text tb_y448422 ispagegenstyle  \" data-lazy=\"1\">\n\t    <div  class=\"tb_text_wrap\">\n\t\t<h2>Address:<\/h2>\n<p><strong>CIDEHUS &#8211; Centro Interdisciplinar de Hist\u00f3ria, Culturas e Sociedades da Universidade de \u00c9vora<\/strong><br \/>Pal\u00e1cio do Vimioso,<br \/>Largo do Marqu\u00eas de Marialva, n.\u00ba 8,<br \/>7000-809 \u00c9vora &#8211; Portugal<\/p>\n<h3>Email:<\/h3>\n<p><a href=\"mailto:cidehus@uevora.pt\">cidehus@uevora.pt<\/a><\/p>\n<h3>Telephone:<\/h3>\n<p>+351 266 740 800<\/p>\n    <\/div>\n<\/div>\n<!-- \/module text -->\t\t<\/div>\n\t\t\t\t\t<div  data-lazy=\"1\" class=\"module_column tb-column col4-2 tb_bb7d926 last\">\n\t\t\t\t\t<!-- module plain text -->\n<div  class=\"module module-plain-text tb_prnd344 \" data-lazy=\"1\">\n        <div class=\"tb_text_wrap\">\n\t<div class=\"google-maps\"><iframe src=\"https:\/\/www.google.com\/maps\/embed?pb=!1m18!1m12!1m3!1d3119.361899331638!2d-7.90974022353517!3d38.571513165866065!2m3!1f0!2f0!3f0!3m2!1i1024!2i768!4f13.1!3m3!1m2!1s0xd19e4dcfc22ea57%3A0xb4eb5902bc2cb294!2sCIDEHUS%20-%20Centro%20Interdisciplinar%20de%20Hist%C3%B3ria%2C%20Culturas%20e%20Sociedades!5e0!3m2!1spt-PT!2spt!4v1713278255062!5m2!1spt-PT!2spt\" style=\"border:0;\" allowfullscreen=\"\" loading=\"lazy\" referrerpolicy=\"no-referrer-when-downgrade\"><\/iframe><\/div>    <\/div>\n<\/div>\n<!-- \/module plain text -->\t\t<\/div>\n\t\t\t\t\t\t<\/div>\n\t\t<\/div>\n\t\t\t\t\t\t<div  data-css_id=\"z8le498\" data-lazy=\"1\" class=\"module_row themify_builder_row fullwidth tb_z8le498 tf_w\">\n\t\t\t\t\t\t<div class=\"row_inner col_align_top tb_col_count_1 tf_box tf_rel\">\n\t\t\t\t\t\t<div  data-lazy=\"1\" class=\"module_column tb-column col-full tb_k6fl499 first\">\n\t\t\t\t\t<!-- module template_part -->\n<div  class=\"module module-layout-part tb_0aj0156 \">\n    <\/div>\n<!-- \/module template_part -->\t\t<\/div>\n\t\t\t\t\t\t<\/div>\n\t\t<\/div>\n\t\t<\/div>\n<!--\/themify_builder_content-->","protected":false},"excerpt":{"rendered":"<p>Contacts Home \/Contacts Address: CIDEHUS &#8211; Centro Interdisciplinar de Hist\u00f3ria, Culturas e Sociedades da Universidade de \u00c9vora Pal\u00e1cio do Vimioso, Largo do Marqu\u00eas de Marialva, n.\u00ba 8, 7000-809 \u00c9vora &#8211; [&hellip;]<\/p>\n","protected":false},"author":1,"featured_media":0,"parent":0,"menu_order":10,"comment_status":"closed","ping_status":"closed","template":"","meta":{"inline_featured_image":false,"footnotes":"","_links_to":"","_links_to_target":""},"class_list":["post-4516","page","type-page","status-publish","hentry","has-post-title","has-post-date","has-post-category","has-post-tag","has-post-comment","has-post-author",""],"yoast_head":"<title>Contacts - CIDEHUS<\/title>\n<meta name=\"robots\" content=\"index, follow, max-snippet:-1, max-image-preview:large, max-video-preview:-1\" \/>\n<link rel=\"canonical\" href=\"https:\/\/cidehus.uevora.pt\/en\/contacts\/\" \/>\n<meta property=\"og:locale\" content=\"en_US\" \/>\n<meta property=\"og:type\" content=\"article\" \/>\n<meta property=\"og:title\" content=\"Contacts - CIDEHUS\" \/>\n<meta property=\"og:description\" content=\"Contacts Home \/Contacts Address: CIDEHUS &#8211; Centro Interdisciplinar de Hist\u00f3ria, Culturas e Sociedades da Universidade de \u00c9vora Pal\u00e1cio do Vimioso, Largo do Marqu\u00eas de Marialva, n.\u00ba 8, 7000-809 \u00c9vora &#8211; [&hellip;]\" \/>\n<meta property=\"og:url\" content=\"https:\/\/cidehus.uevora.pt\/en\/contacts\/\" \/>\n<meta property=\"og:site_name\" content=\"CIDEHUS\" \/>\n<meta property=\"article:modified_time\" content=\"2024-10-04T14:46:42+00:00\" \/>\n<meta name=\"twitter:card\" content=\"summary_large_image\" \/>\n<script type=\"application\/ld+json\" class=\"yoast-schema-graph\">{\"@context\":\"https:\/\/schema.org\",\"@graph\":[{\"@type\":\"WebPage\",\"@id\":\"https:\/\/cidehus.uevora.pt\/en\/contacts\/\",\"url\":\"https:\/\/cidehus.uevora.pt\/en\/contacts\/\",\"name\":\"Contacts - CIDEHUS\",\"isPartOf\":{\"@id\":\"https:\/\/cidehus.uevora.pt\/#website\"},\"datePublished\":\"2024-04-15T15:06:29+00:00\",\"dateModified\":\"2024-10-04T14:46:42+00:00\",\"breadcrumb\":{\"@id\":\"https:\/\/cidehus.uevora.pt\/en\/contacts\/#breadcrumb\"},\"inLanguage\":\"en-US\",\"potentialAction\":[{\"@type\":\"ReadAction\",\"target\":[\"https:\/\/cidehus.uevora.pt\/en\/contacts\/\"]}]},{\"@type\":\"BreadcrumbList\",\"@id\":\"https:\/\/cidehus.uevora.pt\/en\/contacts\/#breadcrumb\",\"itemListElement\":[{\"@type\":\"ListItem\",\"position\":1,\"name\":\"In\u00edcio\",\"item\":\"https:\/\/cidehus.uevora.pt\/en\/\"},{\"@type\":\"ListItem\",\"position\":2,\"name\":\"Contacts\"}]},{\"@type\":\"WebSite\",\"@id\":\"https:\/\/cidehus.uevora.pt\/#website\",\"url\":\"https:\/\/cidehus.uevora.pt\/\",\"name\":\"CIDEHUS\",\"description\":\"CIDEHUS\",\"potentialAction\":[{\"@type\":\"SearchAction\",\"target\":{\"@type\":\"EntryPoint\",\"urlTemplate\":\"https:\/\/cidehus.uevora.pt\/?s={search_term_string}\"},\"query-input\":{\"@type\":\"PropertyValueSpecification\",\"valueRequired\":true,\"valueName\":\"search_term_string\"}}],\"inLanguage\":\"en-US\"}]}<\/script>","yoast_head_json":{"title":"Contacts - CIDEHUS","robots":{"index":"index","follow":"follow","max-snippet":"max-snippet:-1","max-image-preview":"max-image-preview:large","max-video-preview":"max-video-preview:-1"},"canonical":"https:\/\/cidehus.uevora.pt\/en\/contacts\/","og_locale":"en_US","og_type":"article","og_title":"Contacts - CIDEHUS","og_description":"Contacts Home \/Contacts Address: CIDEHUS &#8211; Centro Interdisciplinar de Hist\u00f3ria, Culturas e Sociedades da Universidade de \u00c9vora Pal\u00e1cio do Vimioso, Largo do Marqu\u00eas de Marialva, n.\u00ba 8, 7000-809 \u00c9vora &#8211; [&hellip;]","og_url":"https:\/\/cidehus.uevora.pt\/en\/contacts\/","og_site_name":"CIDEHUS","article_modified_time":"2024-10-04T14:46:42+00:00","twitter_card":"summary_large_image","schema":{"@context":"https:\/\/schema.org","@graph":[{"@type":"WebPage","@id":"https:\/\/cidehus.uevora.pt\/en\/contacts\/","url":"https:\/\/cidehus.uevora.pt\/en\/contacts\/","name":"Contacts - CIDEHUS","isPartOf":{"@id":"https:\/\/cidehus.uevora.pt\/#website"},"datePublished":"2024-04-15T15:06:29+00:00","dateModified":"2024-10-04T14:46:42+00:00","breadcrumb":{"@id":"https:\/\/cidehus.uevora.pt\/en\/contacts\/#breadcrumb"},"inLanguage":"en-US","potentialAction":[{"@type":"ReadAction","target":["https:\/\/cidehus.uevora.pt\/en\/contacts\/"]}]},{"@type":"BreadcrumbList","@id":"https:\/\/cidehus.uevora.pt\/en\/contacts\/#breadcrumb","itemListElement":[{"@type":"ListItem","position":1,"name":"In\u00edcio","item":"https:\/\/cidehus.uevora.pt\/en\/"},{"@type":"ListItem","position":2,"name":"Contacts"}]},{"@type":"WebSite","@id":"https:\/\/cidehus.uevora.pt\/#website","url":"https:\/\/cidehus.uevora.pt\/","name":"CIDEHUS","description":"CIDEHUS","potentialAction":[{"@type":"SearchAction","target":{"@type":"EntryPoint","urlTemplate":"https:\/\/cidehus.uevora.pt\/?s={search_term_string}"},"query-input":{"@type":"PropertyValueSpecification","valueRequired":true,"valueName":"search_term_string"}}],"inLanguage":"en-US"}]}},"_links":{"self":[{"href":"https:\/\/cidehus.uevora.pt\/en\/wp-json\/wp\/v2\/pages\/4516","targetHints":{"allow":["GET"]}}],"collection":[{"href":"https:\/\/cidehus.uevora.pt\/en\/wp-json\/wp\/v2\/pages"}],"about":[{"href":"https:\/\/cidehus.uevora.pt\/en\/wp-json\/wp\/v2\/types\/page"}],"author":[{"embeddable":true,"href":"https:\/\/cidehus.uevora.pt\/en\/wp-json\/wp\/v2\/users\/1"}],"replies":[{"embeddable":true,"href":"https:\/\/cidehus.uevora.pt\/en\/wp-json\/wp\/v2\/comments?post=4516"}],"version-history":[{"count":0,"href":"https:\/\/cidehus.uevora.pt\/en\/wp-json\/wp\/v2\/pages\/4516\/revisions"}],"wp:attachment":[{"href":"https:\/\/cidehus.uevora.pt\/en\/wp-json\/wp\/v2\/media?parent=4516"}],"curies":[{"name":"wp","href":"https:\/\/api.w.org\/{rel}","templated":true}]}}